{"id":114,"date":"2022-01-04T16:12:56","date_gmt":"2022-01-04T21:12:56","guid":{"rendered":"https:\/\/katenar.commi-cuenta\/"},"modified":"2024-01-22T07:47:28","modified_gmt":"2024-01-22T12:47:28","slug":"my-acount","status":"publish","type":"page","link":"https:\/\/katenar.sense-digital.com.co\/zh\/my-acount\/","title":{"rendered":"My acount"},"content":{"rendered":"<div class=\"woocommerce\"><div class=\"woocommerce-notices-wrapper\"><\/div>\n<div class=\"wd-registration-page wd-register-tabs\">\n\n\n<div class=\"row\" id=\"customer_login\">\n\n\t<div class=\"col-12 col-md-6 col-login\">\n\n\n\t\t<h2 class=\"wd-login-title\" data-no-translation=\"\" data-trp-gettext=\"\">\u767b\u5f55<\/h2>\n\n\t\t\t\t\t<form method=\"post\" class=\"login woocommerce-form woocommerce-form-login\" action=\"https:\/\/katenar.sense-digital.com.co\/zh\/my-acount\/?action=login\" data-trp-original-action=\"https:\/\/katenar.sense-digital.com.co\/zh\/my-acount\/?action=login\" \t\t\t>\n\n\t\t\t\t\n\t\t\t\t\n\t\t\t\t<p class=\"woocommerce-FormRow woocommerce-FormRow--wide form-row form-row-wide form-row-username\">\n\t\t\t\t\t<label for=\"username\">\u7528\u6237\u540d\u6216\u7535\u90ae\u5730\u5740&nbsp;<span class=\"required\">*<\/span><\/label>\n\t\t\t\t\t<input type=\"text\" class=\"woocommerce-Input woocommerce-Input--text input-text\" name=\"username\" id=\"username\" value=\"\" \/>\t\t\t\t<\/p>\n\t\t\t\t<p class=\"woocommerce-FormRow woocommerce-FormRow--wide form-row form-row-wide form-row-password\">\n\t\t\t\t\t<label for=\"password\">Password&nbsp;<span class=\"required\">*<\/span><\/label>\n\t\t\t\t\t<input class=\"woocommerce-Input woocommerce-Input--text input-text\" type=\"password\" name=\"password\" id=\"password\" autocomplete=\"current-password\" \/>\n\t\t\t\t<\/p>\n\n\t\t\t\t\n\t\t\t\t<p class=\"form-row\">\n\t\t\t\t\t<input type=\"hidden\" id=\"woocommerce-login-nonce\" name=\"woocommerce-login-nonce\" value=\"48c61d3349\" \/><input type=\"hidden\" name=\"_wp_http_referer\" value=\"\/zh\/wp-json\/wp\/v2\/pages\/114\" \/>\t\t\t\t\t\t\t\t\t\t<button type=\"submit\" class=\"button woocommerce-button woocommerce-form-login__submit\" name=\"login\" value=\"Log in\">Log in<\/button>\n\t\t\t\t<\/p>\n\n\t\t\t\t<p class=\"login-form-footer\">\n\t\t\t\t\t<a href=\"https:\/\/katenar.sense-digital.com.co\/zh\/my-acount\/lost-password\/\" class=\"woocommerce-LostPassword lost_password\">Lost your password?<\/a>\n\t\t\t\t\t<label class=\"woocommerce-form__label woocommerce-form__label-for-checkbox woocommerce-form-login__rememberme\">\n\t\t\t\t\t\t<input class=\"woocommerce-form__input woocommerce-form__input-checkbox\" name=\"rememberme\" type=\"checkbox\" value=\"forever\" title=\"Remember me\" aria-label=\"Remember me\" \/> <span>Remember me<\/span>\n\t\t\t\t\t<\/label>\n\t\t\t\t<\/p>\n\n\t\t\t\t\n\t\t\t\t\t\t\t<input type=\"hidden\" name=\"trp-form-language\" value=\"zh\"\/><\/form>\n\n\t\t\t\t\n\n\t<\/div>\n\n\t<div class=\"col-12 col-md-6 col-register\">\n\n\t\t<h2 class=\"wd-login-title\" data-no-translation=\"\" data-trp-gettext=\"\">\u6ce8\u518c<\/h2>\n\n\t\t<form method=\"post\" action=\"https:\/\/katenar.sense-digital.com.co\/zh\/my-acount\/?action=register\" class=\"woocommerce-form woocommerce-form-register register\" data-trp-original-action=\"https:\/\/katenar.sense-digital.com.co\/zh\/my-acount\/?action=register\"  >\n\n\t\t\t\n\t\t\t\n\t\t\t<p class=\"woocommerce-FormRow woocommerce-FormRow--wide form-row form-row-wide\">\n\t\t\t\t<label for=\"reg_email\">\u90ae\u7bb1\u5730\u5740&nbsp;<span class=\"required\">*<\/span><\/label>\n\t\t\t\t<input type=\"email\" class=\"woocommerce-Input woocommerce-Input--text input-text\" name=\"email\" id=\"reg_email\" autocomplete=\"email\" value=\"\" \/>\n\t\t\t<\/p>\n\n\t\t\t\n\t\t\t\t<p data-no-translation=\"\" data-trp-gettext=\"\">\u7528\u4e8e\u8bbe\u7f6e\u65b0\u5bc6\u7801\u7684\u94fe\u63a5\u5c06\u53d1\u9001\u81f3\u60a8\u7684\u7535\u5b50\u90ae\u4ef6\u5730\u5740\u3002<\/p>\n\n\t\t\t\n\t\t\t<!-- Spam Trap -->\n\t\t\t<div style=\"left: -999em; position: absolute;\"><label for=\"trap\" data-no-translation=\"\" data-trp-gettext=\"\">Anti-spam<\/label><input type=\"text\" name=\"email_2\" id=\"trap\" tabindex=\"-1\" \/><\/div>\n\n\t\t\t<wc-order-attribution-inputs><\/wc-order-attribution-inputs><div class=\"woocommerce-privacy-policy-text\"><p>Tus datos personales se utilizar\u00e1n para procesar tu pedido, mejorar tu experiencia en esta web, gestionar el acceso a tu cuenta y otros prop\u00f3sitos descritos en nuestra <a href=\"https:\/\/katenar.sense-digital.com.co\/zh\/privacy-policy\/\" class=\"woocommerce-privacy-policy-link\" target=\"_blank\" data-no-translation=\"\" data-trp-gettext=\"\">\u9690\u79c1\u653f\u7b56<\/a>.<\/p>\n<\/div>\t\t\t\n\t\t\t<p class=\"woocommerce-form-row form-row\">\n\t\t\t\t<input type=\"hidden\" id=\"_wpnonce\" name=\"_wpnonce\" value=\"0848024de1\" \/><input type=\"hidden\" name=\"_wp_http_referer\" value=\"\/zh\/wp-json\/wp\/v2\/pages\/114\" \/>\t\t\t\t<button type=\"submit\" class=\"woocommerce-Button button\" name=\"register\" value=\"\u6ce8\u518c\" data-no-translation=\"\" data-trp-gettext=\"\" data-no-translation-value=\"\">\u6ce8\u518c<\/button>\n\t\t\t<\/p>\n\n\t\t\t\n\t\t<input type=\"hidden\" name=\"trp-form-language\" value=\"zh\"\/><\/form>\n\n\t<\/div>\n\n\t\t\t<div class=\"col-12 col-md-6 col-register-text\">\n\n\t\t\t<p class=\"title wd-login-divider\"><span>Or<\/span><\/p>\n\n\t\t\t\n\t\t\t\t\t\t\t<h2 class=\"wd-login-title\">Register<\/h2>\n\t\t\t\n\t\t\t\n\t\t\t\t\t\t\t<div class=\"registration-info\">Registrarse en este sitio le permite acceder al estado y al historial de su pedido. Simplemente complete los campos a continuaci\u00f3n y obtendremos una nueva cuenta configurada para usted en poco tiempo. Solo te pediremos la informaci\u00f3n necesaria para que el proceso de compra sea m\u00e1s r\u00e1pido y sencillo.<\/div>\n\t\t\t\n\t\t\t\n\t\t\t<a href=\"#\" rel=\"nofollow noopener\" class=\"btn wd-switch-to-register\" data-login=\"\u767b\u5f55\" data-login-title=\"Acceso\" data-reg-title=\"Register\" data-register=\"\u6ce8\u518c\" data-no-translation=\"\" data-trp-gettext=\"\" data-no-translation-data-login=\"\" data-no-translation-data-register=\"\">\u6ce8\u518c<\/a>\n\n\t\t<\/div>\n\t\t\n<\/div>\n\n<\/div>\n\n<\/div>","protected":false},"excerpt":{"rendered":"","protected":false},"author":1,"featured_media":0,"parent":0,"menu_order":0,"comment_status":"closed","ping_status":"closed","template":"","meta":{"_joinchat":[],"footnotes":""},"class_list":["post-114","page","type-page","status-publish","hentry"],"_links":{"self":[{"href":"https:\/\/katenar.sense-digital.com.co\/zh\/wp-json\/wp\/v2\/pages\/114","targetHints":{"allow":["GET"]}}],"collection":[{"href":"https:\/\/katenar.sense-digital.com.co\/zh\/wp-json\/wp\/v2\/pages"}],"about":[{"href":"https:\/\/katenar.sense-digital.com.co\/zh\/wp-json\/wp\/v2\/types\/page"}],"author":[{"embeddable":true,"href":"https:\/\/katenar.sense-digital.com.co\/zh\/wp-json\/wp\/v2\/users\/1"}],"replies":[{"embeddable":true,"href":"https:\/\/katenar.sense-digital.com.co\/zh\/wp-json\/wp\/v2\/comments?post=114"}],"version-history":[{"count":0,"href":"https:\/\/katenar.sense-digital.com.co\/zh\/wp-json\/wp\/v2\/pages\/114\/revisions"}],"wp:attachment":[{"href":"https:\/\/katenar.sense-digital.com.co\/zh\/wp-json\/wp\/v2\/media?parent=114"}],"curies":[{"name":"wp","href":"https:\/\/api.w.org\/{rel}","templated":true}]}}