{"id":2425,"date":"2025-08-06T09:33:00","date_gmt":"2025-08-06T13:33:00","guid":{"rendered":"https:\/\/katenar.com\/?post_type=product&#038;p=2425"},"modified":"2025-08-21T08:22:12","modified_gmt":"2025-08-21T12:22:12","slug":"terapias-personalizadas-de-aromaterapia","status":"publish","type":"product","link":"https:\/\/katenar.sense-digital.com.co\/es\/producto\/terapias-personalizadas-de-aromaterapia\/","title":{"rendered":"Personalized Aromatherapy Therapies"},"content":{"rendered":"<p data-start=\"553\" data-end=\"854\">Sum\u00e9rgete en un viaje de bienestar a trav\u00e9s de los aromas. Nuestros terapeutas dise\u00f1an una sesi\u00f3n \u00fanica basada en tus necesidades emocionales y f\u00edsicas, utilizando aceites esenciales puros para aliviar tensiones, revitalizar el \u00e1nimo y equilibrar tus energ\u00edas. Un tratamiento sutil pero transformador.<\/p>","protected":false},"excerpt":{"rendered":"<p data-start=\"553\" data-end=\"854\">Sum\u00e9rgete en un viaje de bienestar a trav\u00e9s de los aromas. Nuestros terapeutas dise\u00f1an una sesi\u00f3n \u00fanica basada en tus necesidades emocionales y f\u00edsicas, utilizando aceites esenciales puros para aliviar tensiones, revitalizar el \u00e1nimo y equilibrar tus energ\u00edas. Un tratamiento sutil pero transformador.<\/p>","protected":false},"featured_media":2071,"template":"","meta":{"_joinchat":[]},"product_brand":[],"product_cat":[91],"product_tag":[],"class_list":{"0":"post-2425","1":"product","2":"type-product","3":"status-publish","4":"has-post-thumbnail","6":"product_cat-spa","8":"first","9":"instock","10":"shipping-taxable","11":"product-type-simple"},"exclude_global_add_ons":[],"addons":[],"_links":{"self":[{"href":"https:\/\/katenar.sense-digital.com.co\/es\/wp-json\/wp\/v2\/product\/2425","targetHints":{"allow":["GET"]}}],"collection":[{"href":"https:\/\/katenar.sense-digital.com.co\/es\/wp-json\/wp\/v2\/product"}],"about":[{"href":"https:\/\/katenar.sense-digital.com.co\/es\/wp-json\/wp\/v2\/types\/product"}],"wp:featuredmedia":[{"embeddable":true,"href":"https:\/\/katenar.sense-digital.com.co\/es\/wp-json\/wp\/v2\/media\/2071"}],"wp:attachment":[{"href":"https:\/\/katenar.sense-digital.com.co\/es\/wp-json\/wp\/v2\/media?parent=2425"}],"wp:term":[{"taxonomy":"product_brand","embeddable":true,"href":"https:\/\/katenar.sense-digital.com.co\/es\/wp-json\/wp\/v2\/product_brand?post=2425"},{"taxonomy":"product_cat","embeddable":true,"href":"https:\/\/katenar.sense-digital.com.co\/es\/wp-json\/wp\/v2\/product_cat?post=2425"},{"taxonomy":"product_tag","embeddable":true,"href":"https:\/\/katenar.sense-digital.com.co\/es\/wp-json\/wp\/v2\/product_tag?post=2425"}],"curies":[{"name":"wp","href":"https:\/\/api.w.org\/{rel}","templated":true}]}}