{"id":2418,"date":"2025-08-06T09:27:42","date_gmt":"2025-08-06T13:27:42","guid":{"rendered":"https:\/\/katenar.com\/?post_type=product&#038;p=2418"},"modified":"2025-08-21T08:23:07","modified_gmt":"2025-08-21T12:23:07","slug":"torneos-exclusivos-y-eventos-corporativos","status":"publish","type":"product","link":"https:\/\/katenar.sense-digital.com.co\/es\/producto\/torneos-exclusivos-y-eventos-corporativos\/","title":{"rendered":"Exclusive Tournaments And Corporate Events"},"content":{"rendered":"<p data-start=\"640\" data-end=\"938\">Vive la emoci\u00f3n de la competencia en un entorno de distinci\u00f3n. Organizamos torneos sociales y corporativos con atenci\u00f3n a cada detalle, desde el dise\u00f1o del recorrido hasta servicios de catering premium. Ideal para fortalecer relaciones, celebrar logros o simplemente disfrutar del golf en compa\u00f1\u00eda.<\/p>","protected":false},"excerpt":{"rendered":"<p data-start=\"640\" data-end=\"938\">Vive la emoci\u00f3n de la competencia en un entorno de distinci\u00f3n. Organizamos torneos sociales y corporativos con atenci\u00f3n a cada detalle, desde el dise\u00f1o del recorrido hasta servicios de catering premium. Ideal para fortalecer relaciones, celebrar logros o simplemente disfrutar del golf en compa\u00f1\u00eda.<\/p>","protected":false},"featured_media":2074,"template":"","meta":{"_joinchat":[]},"product_brand":[],"product_cat":[90],"product_tag":[],"class_list":{"0":"post-2418","1":"product","2":"type-product","3":"status-publish","4":"has-post-thumbnail","6":"product_cat-golf","8":"first","9":"instock","10":"virtual","11":"purchasable","12":"product-type-appointment"},"exclude_global_add_ons":[],"addons":[],"_links":{"self":[{"href":"https:\/\/katenar.sense-digital.com.co\/es\/wp-json\/wp\/v2\/product\/2418","targetHints":{"allow":["GET"]}}],"collection":[{"href":"https:\/\/katenar.sense-digital.com.co\/es\/wp-json\/wp\/v2\/product"}],"about":[{"href":"https:\/\/katenar.sense-digital.com.co\/es\/wp-json\/wp\/v2\/types\/product"}],"wp:featuredmedia":[{"embeddable":true,"href":"https:\/\/katenar.sense-digital.com.co\/es\/wp-json\/wp\/v2\/media\/2074"}],"wp:attachment":[{"href":"https:\/\/katenar.sense-digital.com.co\/es\/wp-json\/wp\/v2\/media?parent=2418"}],"wp:term":[{"taxonomy":"product_brand","embeddable":true,"href":"https:\/\/katenar.sense-digital.com.co\/es\/wp-json\/wp\/v2\/product_brand?post=2418"},{"taxonomy":"product_cat","embeddable":true,"href":"https:\/\/katenar.sense-digital.com.co\/es\/wp-json\/wp\/v2\/product_cat?post=2418"},{"taxonomy":"product_tag","embeddable":true,"href":"https:\/\/katenar.sense-digital.com.co\/es\/wp-json\/wp\/v2\/product_tag?post=2418"}],"curies":[{"name":"wp","href":"https:\/\/api.w.org\/{rel}","templated":true}]}}