{"id":2404,"date":"2025-08-06T09:13:45","date_gmt":"2025-08-06T13:13:45","guid":{"rendered":"https:\/\/katenar.com\/?post_type=product&#038;p=2404"},"modified":"2025-08-21T08:23:28","modified_gmt":"2025-08-21T12:23:28","slug":"clases-privadas-con-profesionales","status":"publish","type":"product","link":"https:\/\/katenar.sense-digital.com.co\/es\/producto\/clases-privadas-con-profesionales\/","title":{"rendered":"Private Lessons With Professionals"},"content":{"rendered":"<p data-start=\"229\" data-end=\"578\">Perfecciona tu t\u00e9cnica con la gu\u00eda personalizada de instructores certificados. Nuestras clases privadas est\u00e1n dise\u00f1adas para jugadores de todos los niveles, desde principiantes hasta golfistas experimentados que buscan refinar su juego. Cada sesi\u00f3n se adapta a tus objetivos, combinando an\u00e1lisis de swing, estrategias de campo y tecnolog\u00eda de punta.<\/p>","protected":false},"excerpt":{"rendered":"<p data-start=\"229\" data-end=\"578\">Perfecciona tu t\u00e9cnica con la gu\u00eda personalizada de instructores certificados. Nuestras clases privadas est\u00e1n dise\u00f1adas para jugadores de todos los niveles, desde principiantes hasta golfistas experimentados que buscan refinar su juego. Cada sesi\u00f3n se adapta a tus objetivos, combinando an\u00e1lisis de swing, estrategias de campo y tecnolog\u00eda de punta.<\/p>","protected":false},"featured_media":2017,"template":"","meta":{"_joinchat":[]},"product_brand":[],"product_cat":[90,89],"product_tag":[],"class_list":{"0":"post-2404","1":"product","2":"type-product","3":"status-publish","4":"has-post-thumbnail","6":"product_cat-golf","7":"product_cat-biz-club","9":"first","10":"instock","11":"shipping-taxable","12":"product-type-simple"},"exclude_global_add_ons":[],"addons":[],"_links":{"self":[{"href":"https:\/\/katenar.sense-digital.com.co\/es\/wp-json\/wp\/v2\/product\/2404","targetHints":{"allow":["GET"]}}],"collection":[{"href":"https:\/\/katenar.sense-digital.com.co\/es\/wp-json\/wp\/v2\/product"}],"about":[{"href":"https:\/\/katenar.sense-digital.com.co\/es\/wp-json\/wp\/v2\/types\/product"}],"wp:featuredmedia":[{"embeddable":true,"href":"https:\/\/katenar.sense-digital.com.co\/es\/wp-json\/wp\/v2\/media\/2017"}],"wp:attachment":[{"href":"https:\/\/katenar.sense-digital.com.co\/es\/wp-json\/wp\/v2\/media?parent=2404"}],"wp:term":[{"taxonomy":"product_brand","embeddable":true,"href":"https:\/\/katenar.sense-digital.com.co\/es\/wp-json\/wp\/v2\/product_brand?post=2404"},{"taxonomy":"product_cat","embeddable":true,"href":"https:\/\/katenar.sense-digital.com.co\/es\/wp-json\/wp\/v2\/product_cat?post=2404"},{"taxonomy":"product_tag","embeddable":true,"href":"https:\/\/katenar.sense-digital.com.co\/es\/wp-json\/wp\/v2\/product_tag?post=2404"}],"curies":[{"name":"wp","href":"https:\/\/api.w.org\/{rel}","templated":true}]}}