{"id":2421,"date":"2025-08-06T09:30:01","date_gmt":"2025-08-06T13:30:01","guid":{"rendered":"https:\/\/katenar.com\/?post_type=product&#038;p=2421"},"modified":"2025-08-21T08:23:46","modified_gmt":"2025-08-21T12:23:46","slug":"ritual-de-renovacion-holistica","status":"publish","type":"product","link":"https:\/\/katenar.sense-digital.com.co\/de\/producto\/ritual-de-renovacion-holistica\/","title":{"rendered":"Holistic Renewal Ritual"},"content":{"rendered":"<p data-start=\"187\" data-end=\"497\">Una experiencia sensorial dise\u00f1ada para restaurar cuerpo, mente y esp\u00edritu. Este tratamiento combina exfoliaci\u00f3n corporal con ingredientes naturales, envoltura hidratante y un masaje relajante de cuerpo completo, todo en un ambiente de calma profunda. Ideal para quienes buscan un reinicio integral y duradero.<\/p>","protected":false},"excerpt":{"rendered":"<p data-start=\"187\" data-end=\"497\">Una experiencia sensorial dise\u00f1ada para restaurar cuerpo, mente y esp\u00edritu. Este tratamiento combina exfoliaci\u00f3n corporal con ingredientes naturales, envoltura hidratante y un masaje relajante de cuerpo completo, todo en un ambiente de calma profunda. Ideal para quienes buscan un reinicio integral y duradero.<\/p>","protected":false},"featured_media":2072,"template":"","meta":{"_joinchat":[]},"product_brand":[],"product_cat":[91],"product_tag":[],"class_list":{"0":"post-2421","1":"product","2":"type-product","3":"status-publish","4":"has-post-thumbnail","6":"product_cat-spa","8":"first","9":"instock","10":"shipping-taxable","11":"product-type-simple"},"exclude_global_add_ons":[],"addons":[],"_links":{"self":[{"href":"https:\/\/katenar.sense-digital.com.co\/de\/wp-json\/wp\/v2\/product\/2421","targetHints":{"allow":["GET"]}}],"collection":[{"href":"https:\/\/katenar.sense-digital.com.co\/de\/wp-json\/wp\/v2\/product"}],"about":[{"href":"https:\/\/katenar.sense-digital.com.co\/de\/wp-json\/wp\/v2\/types\/product"}],"wp:featuredmedia":[{"embeddable":true,"href":"https:\/\/katenar.sense-digital.com.co\/de\/wp-json\/wp\/v2\/media\/2072"}],"wp:attachment":[{"href":"https:\/\/katenar.sense-digital.com.co\/de\/wp-json\/wp\/v2\/media?parent=2421"}],"wp:term":[{"taxonomy":"product_brand","embeddable":true,"href":"https:\/\/katenar.sense-digital.com.co\/de\/wp-json\/wp\/v2\/product_brand?post=2421"},{"taxonomy":"product_cat","embeddable":true,"href":"https:\/\/katenar.sense-digital.com.co\/de\/wp-json\/wp\/v2\/product_cat?post=2421"},{"taxonomy":"product_tag","embeddable":true,"href":"https:\/\/katenar.sense-digital.com.co\/de\/wp-json\/wp\/v2\/product_tag?post=2421"}],"curies":[{"name":"wp","href":"https:\/\/api.w.org\/{rel}","templated":true}]}}